{"id":136,"date":"2021-06-30T04:31:25","date_gmt":"2021-06-30T04:31:25","guid":{"rendered":"https:\/\/asyouwishdesignsllc.com\/ideasnet.org\/dev\/?page_id=136"},"modified":"2021-07-07T23:06:58","modified_gmt":"2021-07-07T23:06:58","slug":"publications","status":"publish","type":"page","link":"https:\/\/ideasnet.org\/es\/resources\/publications\/","title":{"rendered":"Publicaciones"},"content":{"rendered":"<div id=\"page-header-935756789\" class=\"page-header-wrapper\">\n  <div class=\"page-title dark featured-title box-shadow-2\">\n\n        <div class=\"page-title-bg\">\n      <div class=\"title-bg fill bg-fill\"\n        data-parallax-container=\".page-title\"\n        data-parallax-background\n        data-parallax=\"-\">\n      <\/div>\n      <div class=\"title-overlay fill\"><\/div>\n    <\/div>\n    \n    <div class=\"page-title-inner container align-bottom flex-row medium-flex-wrap\" >\n              <div class=\"title-wrapper flex-col text-left medium-text-center\">\n          <h1 class=\"entry-title mb-0\">\n            Publicaciones          <\/h1>\n        <\/div>\n                    <div class=\"title-content flex-col flex-right text-right medium-text-center\">\n        <div class=\"title-breadcrumbs pb-half pt-half\"><\/div>      <\/div>\n    <\/div>\n\n     \n<style>\n#page-header-935756789 .page-title-inner {\n  min-height: 350px;\n}\n#page-header-935756789 {\n  margin-bottom: 30px;\n}\n#page-header-935756789 .title-bg {\n  background-image: url(https:\/\/ideasnet.org\/wp-content\/uploads\/2021\/07\/PUBLICATIONS.jpg);\n  background-position: 55% 0%;\n}\n<\/style>\n  <\/div>\n    <\/div>\n  \n<div class=\"row\"  id=\"row-857919128\">\n\n\t<div id=\"col-743994342\" class=\"col small-12 large-12\"  >\n\t\t\t\t<div class=\"col-inner\"  >\n\t\t\t\n\t\t\t\n<p><a href=\"https:\/\/ideasnet.org\/wp-content\/uploads\/2012\/05\/UPOLI-Plan-de-Negocios-9-Oct-09-051.jpg\"><img loading=\"lazy\" decoding=\"async\" class=\"alignleft\" title=\"UPOLI Plan de Negocios 9 Oct 09 051\" src=\"https:\/\/ideasnet.org\/wp-content\/uploads\/2012\/05\/UPOLI-Plan-de-Negocios-9-Oct-09-051-300x225.jpg\" alt=\"\" width=\"300\" height=\"225\" \/><\/a>La gran mayor\u00eda de nuestro trabajo ha sido para clientes espec\u00edficos. As\u00ed, mientras que se han escrito decenas de miles de p\u00e1ginas de informes en las \u00faltimas tres d\u00e9cadas y media, se trata de documentos confidenciales escrito para clientes espec\u00edficos. Por lo tanto, no habr\u00eda sido \u00e9tico publicar estos.<\/p>\n<p>Sin embargo, hemos escrito muchos materiales de formaci\u00f3n en los \u00faltimos a\u00f1os, tanto en Ingl\u00e9s y Espa\u00f1ol. Estos han sido publicados o, m\u00e1s a menudo, han sido fotocopiados para los entrenamientos espec\u00edficos.<\/p>\n<p>Por mas de 25 anos, IDEAS publico un periodico sobre desarrallo economico se llama <span style=\"text-decoration: underline;\">Southern Communities<\/span> y tambien publico un otro periodico se llama <span style=\"text-decoration: underline;\">Community Economic Reporter<\/span> por unos 6 anos.<\/p>\n<p>Por varios anos, IDEAS publico <span style=\"text-decoration: underline;\">MicroEval: El Boletin de Evaluacion de Impacto e Investigacion del Mercado de Microfinanzas en America Latina<\/span>.<\/p>\n<h4>En t\u00e9rminos de trabajos publicados en campos relacionados, el Dr. Garber ha publicado:<\/h4>\n<p><span style=\"text-decoration: underline;\">Aprendiendo de los Clientes: Herramientas de Evaluaci\u00f3n para los Operadores de Microfinanzas<\/span>. Editor Asociado de la Edici\u00f3n 2001. Autor de seis secciones. Co-autor de otras secciones con personas afiliadas del proyecto AIMS. Washington, DC: SEEP Network, enero de 2000 y septiembre de 2001. (www.seepnetwork.org)<a href=\"https:\/\/ideasnet.org\/wp-content\/uploads\/2012\/09\/Puneetha-Gabriel-in-IDEAS-office1.jpg\"><img loading=\"lazy\" decoding=\"async\" class=\"alignright\" title=\"Puneetha &amp; Gabriel in IDEAS office\" src=\"https:\/\/ideasnet.org\/wp-content\/uploads\/2012\/09\/Puneetha-Gabriel-in-IDEAS-office1-300x225.jpg\" alt=\"\" width=\"300\" height=\"225\" \/><\/a><\/p>\n<p><span style=\"text-decoration: underline;\">Evaluaci\u00f3n de Impacto hecho por participantes: Una prueba en Honduras<\/span>. Co-autor con Elaine Edgcomb. Washington, DC: OBJETIVOS, mayo de 1998. Parte de Evaluaci\u00f3n del Impacto de los Servicios de Microcr\u00e9dito, una serie de estudios acad\u00e9micos financiados por la Oficina de la USAID de Desarrollo de la Microempresa. Tambi\u00e9n est\u00e1 disponible en Internet (www.mip.org \/ pdfs \/ objetivos \/ Honduras.pdf).<\/p>\n<p><span style=\"text-decoration: underline;\">Private Financing of Microcredit: The Models and Potential of U.S. Socially Responsible Investment in International Small Enterprise Credit<\/span>. Ann Arbor, MI: UMI, June 1998. Es el tesis doctoral de Dr. Garber.<\/p>\n<p><span style=\"text-decoration: underline;\">La inversi\u00f3n privada como fuente de financiamiento para el Microcr\u00e9dito<\/span> como el documento del programa Norte-Sur (N \u00ba 23, enero de 1997), publicado por la Editorial de North-South Center de la Universidad de Miami.<\/p>\n\t\t<\/div>\n\t\t\t\t\t<\/div>\n\n\t\n<\/div>","protected":false},"excerpt":{"rendered":"","protected":false},"author":3,"featured_media":0,"parent":121,"menu_order":0,"comment_status":"closed","ping_status":"closed","template":"","meta":{"footnotes":""},"class_list":["post-136","page","type-page","status-publish","hentry"],"yoast_head":"<!-- This site is optimized with the Yoast SEO plugin v27.3 - https:\/\/yoast.com\/product\/yoast-seo-wordpress\/ -->\n<title>Publicaciones - IDEASnet<\/title>\n<meta name=\"robots\" content=\"index, follow, max-snippet:-1, max-image-preview:large, max-video-preview:-1\" \/>\n<link rel=\"canonical\" href=\"https:\/\/ideasnet.org\/es\/resources\/publications\/\" \/>\n<meta property=\"og:locale\" content=\"es_ES\" \/>\n<meta property=\"og:type\" content=\"article\" \/>\n<meta property=\"og:title\" content=\"Publicaciones - IDEASnet\" \/>\n<meta property=\"og:url\" content=\"https:\/\/ideasnet.org\/es\/resources\/publications\/\" \/>\n<meta property=\"og:site_name\" content=\"IDEASnet\" \/>\n<meta property=\"article:modified_time\" content=\"2021-07-07T23:06:58+00:00\" \/>\n<meta property=\"og:image\" content=\"https:\/\/ideasnet.org\/wp-content\/uploads\/2012\/05\/UPOLI-Plan-de-Negocios-9-Oct-09-051-300x225.jpg\" \/>\n<meta name=\"twitter:label1\" content=\"Tiempo de lectura\" \/>\n\t<meta name=\"twitter:data1\" content=\"2 minutos\" \/>\n<script type=\"application\/ld+json\" class=\"yoast-schema-graph\">{\"@context\":\"https:\\\/\\\/schema.org\",\"@graph\":[{\"@type\":\"WebPage\",\"@id\":\"https:\\\/\\\/ideasnet.org\\\/es\\\/resources\\\/publications\\\/\",\"url\":\"https:\\\/\\\/ideasnet.org\\\/es\\\/resources\\\/publications\\\/\",\"name\":\"Publicaciones - IDEASnet\",\"isPartOf\":{\"@id\":\"https:\\\/\\\/ideasnet.org\\\/#website\"},\"primaryImageOfPage\":{\"@id\":\"https:\\\/\\\/ideasnet.org\\\/es\\\/resources\\\/publications\\\/#primaryimage\"},\"image\":{\"@id\":\"https:\\\/\\\/ideasnet.org\\\/es\\\/resources\\\/publications\\\/#primaryimage\"},\"thumbnailUrl\":\"https:\\\/\\\/ideasnet.org\\\/wp-content\\\/uploads\\\/2012\\\/05\\\/UPOLI-Plan-de-Negocios-9-Oct-09-051-300x225.jpg\",\"datePublished\":\"2021-06-30T04:31:25+00:00\",\"dateModified\":\"2021-07-07T23:06:58+00:00\",\"breadcrumb\":{\"@id\":\"https:\\\/\\\/ideasnet.org\\\/es\\\/resources\\\/publications\\\/#breadcrumb\"},\"inLanguage\":\"es\",\"potentialAction\":[{\"@type\":\"ReadAction\",\"target\":[\"https:\\\/\\\/ideasnet.org\\\/es\\\/resources\\\/publications\\\/\"]}]},{\"@type\":\"ImageObject\",\"inLanguage\":\"es\",\"@id\":\"https:\\\/\\\/ideasnet.org\\\/es\\\/resources\\\/publications\\\/#primaryimage\",\"url\":\"https:\\\/\\\/ideasnet.org\\\/wp-content\\\/uploads\\\/2012\\\/05\\\/UPOLI-Plan-de-Negocios-9-Oct-09-051-300x225.jpg\",\"contentUrl\":\"https:\\\/\\\/ideasnet.org\\\/wp-content\\\/uploads\\\/2012\\\/05\\\/UPOLI-Plan-de-Negocios-9-Oct-09-051-300x225.jpg\"},{\"@type\":\"BreadcrumbList\",\"@id\":\"https:\\\/\\\/ideasnet.org\\\/es\\\/resources\\\/publications\\\/#breadcrumb\",\"itemListElement\":[{\"@type\":\"ListItem\",\"position\":1,\"name\":\"Home\",\"item\":\"https:\\\/\\\/ideasnet.org\\\/\"},{\"@type\":\"ListItem\",\"position\":2,\"name\":\"Recursos\",\"item\":\"https:\\\/\\\/ideasnet.org\\\/es\\\/resources\\\/\"},{\"@type\":\"ListItem\",\"position\":3,\"name\":\"Publicaciones\"}]},{\"@type\":\"WebSite\",\"@id\":\"https:\\\/\\\/ideasnet.org\\\/#website\",\"url\":\"https:\\\/\\\/ideasnet.org\\\/\",\"name\":\"IDEASnet\",\"description\":\"International Economic Development\",\"potentialAction\":[{\"@type\":\"SearchAction\",\"target\":{\"@type\":\"EntryPoint\",\"urlTemplate\":\"https:\\\/\\\/ideasnet.org\\\/?s={search_term_string}\"},\"query-input\":{\"@type\":\"PropertyValueSpecification\",\"valueRequired\":true,\"valueName\":\"search_term_string\"}}],\"inLanguage\":\"es\"}]}<\/script>\n<!-- \/ Yoast SEO plugin. -->","yoast_head_json":{"title":"Publicaciones - IDEASnet","robots":{"index":"index","follow":"follow","max-snippet":"max-snippet:-1","max-image-preview":"max-image-preview:large","max-video-preview":"max-video-preview:-1"},"canonical":"https:\/\/ideasnet.org\/es\/resources\/publications\/","og_locale":"es_ES","og_type":"article","og_title":"Publicaciones - IDEASnet","og_url":"https:\/\/ideasnet.org\/es\/resources\/publications\/","og_site_name":"IDEASnet","article_modified_time":"2021-07-07T23:06:58+00:00","og_image":[{"url":"https:\/\/ideasnet.org\/wp-content\/uploads\/2012\/05\/UPOLI-Plan-de-Negocios-9-Oct-09-051-300x225.jpg","type":"","width":"","height":""}],"twitter_misc":{"Tiempo de lectura":"2 minutos"},"schema":{"@context":"https:\/\/schema.org","@graph":[{"@type":"WebPage","@id":"https:\/\/ideasnet.org\/es\/resources\/publications\/","url":"https:\/\/ideasnet.org\/es\/resources\/publications\/","name":"Publicaciones - IDEASnet","isPartOf":{"@id":"https:\/\/ideasnet.org\/#website"},"primaryImageOfPage":{"@id":"https:\/\/ideasnet.org\/es\/resources\/publications\/#primaryimage"},"image":{"@id":"https:\/\/ideasnet.org\/es\/resources\/publications\/#primaryimage"},"thumbnailUrl":"https:\/\/ideasnet.org\/wp-content\/uploads\/2012\/05\/UPOLI-Plan-de-Negocios-9-Oct-09-051-300x225.jpg","datePublished":"2021-06-30T04:31:25+00:00","dateModified":"2021-07-07T23:06:58+00:00","breadcrumb":{"@id":"https:\/\/ideasnet.org\/es\/resources\/publications\/#breadcrumb"},"inLanguage":"es","potentialAction":[{"@type":"ReadAction","target":["https:\/\/ideasnet.org\/es\/resources\/publications\/"]}]},{"@type":"ImageObject","inLanguage":"es","@id":"https:\/\/ideasnet.org\/es\/resources\/publications\/#primaryimage","url":"https:\/\/ideasnet.org\/wp-content\/uploads\/2012\/05\/UPOLI-Plan-de-Negocios-9-Oct-09-051-300x225.jpg","contentUrl":"https:\/\/ideasnet.org\/wp-content\/uploads\/2012\/05\/UPOLI-Plan-de-Negocios-9-Oct-09-051-300x225.jpg"},{"@type":"BreadcrumbList","@id":"https:\/\/ideasnet.org\/es\/resources\/publications\/#breadcrumb","itemListElement":[{"@type":"ListItem","position":1,"name":"Home","item":"https:\/\/ideasnet.org\/"},{"@type":"ListItem","position":2,"name":"Recursos","item":"https:\/\/ideasnet.org\/es\/resources\/"},{"@type":"ListItem","position":3,"name":"Publicaciones"}]},{"@type":"WebSite","@id":"https:\/\/ideasnet.org\/#website","url":"https:\/\/ideasnet.org\/","name":"IDEASnet","description":"International Economic Development","potentialAction":[{"@type":"SearchAction","target":{"@type":"EntryPoint","urlTemplate":"https:\/\/ideasnet.org\/?s={search_term_string}"},"query-input":{"@type":"PropertyValueSpecification","valueRequired":true,"valueName":"search_term_string"}}],"inLanguage":"es"}]}},"_links":{"self":[{"href":"https:\/\/ideasnet.org\/es\/wp-json\/wp\/v2\/pages\/136","targetHints":{"allow":["GET"]}}],"collection":[{"href":"https:\/\/ideasnet.org\/es\/wp-json\/wp\/v2\/pages"}],"about":[{"href":"https:\/\/ideasnet.org\/es\/wp-json\/wp\/v2\/types\/page"}],"author":[{"embeddable":true,"href":"https:\/\/ideasnet.org\/es\/wp-json\/wp\/v2\/users\/3"}],"replies":[{"embeddable":true,"href":"https:\/\/ideasnet.org\/es\/wp-json\/wp\/v2\/comments?post=136"}],"version-history":[{"count":23,"href":"https:\/\/ideasnet.org\/es\/wp-json\/wp\/v2\/pages\/136\/revisions"}],"predecessor-version":[{"id":2249,"href":"https:\/\/ideasnet.org\/es\/wp-json\/wp\/v2\/pages\/136\/revisions\/2249"}],"up":[{"embeddable":true,"href":"https:\/\/ideasnet.org\/es\/wp-json\/wp\/v2\/pages\/121"}],"wp:attachment":[{"href":"https:\/\/ideasnet.org\/es\/wp-json\/wp\/v2\/media?parent=136"}],"curies":[{"name":"wp","href":"https:\/\/api.w.org\/{rel}","templated":true}]}}