{"id":3100,"date":"2023-06-01T00:22:43","date_gmt":"2023-06-01T00:22:43","guid":{"rendered":"https:\/\/ideasnet.org\/?page_id=3100"},"modified":"2024-02-24T16:40:49","modified_gmt":"2024-02-24T16:40:49","slug":"actions-financial-inclusion-migrant-microentrepreneurs","status":"publish","type":"page","link":"https:\/\/ideasnet.org\/es\/actions-financial-inclusion-migrant-microentrepreneurs\/","title":{"rendered":"Acciones por la Inclusi\u00f3n Financiera de migrantes Microempresarios"},"content":{"rendered":"<div id=\"page-header-1637083206\" class=\"page-header-wrapper\">\n  <div class=\"page-title dark featured-title\">\n\n        <div class=\"page-title-bg\">\n      <div class=\"title-bg fill bg-fill\"\n        data-parallax-container=\".page-title\"\n        data-parallax-background\n        data-parallax=\"-\">\n      <\/div>\n      <div class=\"title-overlay fill\"><\/div>\n    <\/div>\n    \n    <div class=\"page-title-inner container align-center flex-row medium-flex-wrap\" >\n              <div class=\"title-wrapper flex-col text-left medium-text-center\">\n          <h1 class=\"entry-title mb-0\">\n            Acciones por la Inclusi\u00f3n Financiera de migrantes Microempresarios          <\/h1>\n        <\/div>\n                    <div class=\"title-content flex-col flex-right text-right medium-text-center\">\n        <div class=\"title-breadcrumbs pb-half pt-half\"><\/div>      <\/div>\n    <\/div>\n\n     \n<style>\n#page-header-1637083206 .page-title-inner {\n  min-height: 320px;\n}\n#page-header-1637083206 .title-bg {\n  background-image: url(https:\/\/ideasnet.org\/wp-content\/uploads\/2023\/06\/BANNER-SUPERIOR-ACC_INCL.jpg);\n}\n<\/style>\n  <\/div>\n    <\/div>\n  \n\n\t<div id=\"col-488258309\" class=\"col small-12 large-12\"  >\n\t\t\t\t<div class=\"col-inner\"  >\n\t\t\t\n\t\t\t\n<div class=\"row\"  id=\"row-766112303\">\n\n\t<div id=\"col-1651436845\" class=\"col small-12 large-12\"  >\n\t\t\t\t<div class=\"col-inner\"  >\n\t\t\t\n\t\t\t\n<div class=\"row\"  id=\"row-626094166\">\n\n\t<div id=\"col-1593340191\" class=\"col small-12 large-12\"  >\n\t\t\t\t<div class=\"col-inner\"  >\n\t\t\t\n\t\t\t\n<h2 class=\"p1\" style=\"text-align: center;\"><span style=\"color: #ff6600;\"><b>Curso de Inclusi\u00f3n Financiera para Microempresarios <\/b><\/span><\/h2>\n<h2 class=\"p1\" style=\"text-align: center;\"><span style=\"color: #ff6600;\"><b>Migrantes Latinoamericanos y Retornados en Puebla<\/b><\/span><\/h2>\n<h3><strong>Metodolog\u00eda de Capacitaci\u00f3n<\/strong><\/h3>\n<p>Es un curso de capacitaci\u00f3n con \u00e9nfasis en principios de econom\u00eda y finanzas personales y empresariales, a trav\u00e9s de este acompa\u00f1amiento se impulsa el fortalecimiento financiero de la poblaci\u00f3n migrante microempresaria, a trav\u00e9s de clases semanales. Nuestro temario est\u00e1 enfocado en los temas de ahorro, inversi\u00f3n, deuda, impuestos, remesas e inflaci\u00f3n, con el objetivo de adquirir una cultura y tomar mejores decisiones financieras. Las sesiones son de 4 horas una vez a la semana por 8 semanas del curso.<\/p>\n<div class=\"row\"  id=\"row-838558550\">\n\n\t<div id=\"col-914463607\" class=\"col medium-6 small-12 large-6\"  >\n\t\t\t\t<div class=\"col-inner\"  >\n\t\t\t\n\t\t\t\n<h3><strong>Servicios Ofrecidos en el Curso<\/strong><\/h3>\n<p><span style=\"color: #ff6600;\"><strong>A personas migrantes y retornadas<\/strong><\/span><\/p>\n<ol style=\"list-style-type: lower-roman;\">\n<li>Educar sobre el conceptos esenciales de micronegocios, para ubicar a las personas migrantes como elementos clave en su proceso de formaci\u00f3n y desarrollo.<\/li>\n<li>Identificar las capacidades y competencias para la formaci\u00f3n y desarrollo de un\/a microempresario\/a.<\/li>\n<li>Proveer de las herramientas necesarias para que los micronegocios cuenten con una solidez financiera adecuada que los haga sostenibles en el largo plazo.<\/li>\n<li>Aprender como explicar sus necesidades de financiamiento y aprender como acercar fuentes de financiamiento.<\/li>\n<li>Participar en procesos de consultor\u00eda especializada donde los migrantes reciben capacitaci\u00f3n para el fortalecimiento financiero de su micronegocio.<\/li>\n<li>Fomentar la cultura de ahorro de los microempresarios migrantes y retornados.<\/li>\n<\/ol>\n\t\t<\/div>\n\t\t\t\t\t<\/div>\n\n\t\n\n\t<div id=\"col-253678035\" class=\"col medium-6 small-12 large-6\"  >\n\t\t\t\t<div class=\"col-inner\"  >\n\t\t\t\n\t\t\t\n\t<div class=\"img has-hover x md-x lg-x y md-y lg-y\" id=\"image_973803815\">\n\t\t\t\t\t\t\t\t<div class=\"img-inner dark\" >\n\t\t\t<img loading=\"lazy\" decoding=\"async\" width=\"420\" height=\"378\" src=\"https:\/\/ideasnet.org\/wp-content\/uploads\/2023\/07\/mujer_tienda2.png\" class=\"attachment-medium_large size-medium_large\" alt=\"\" srcset=\"https:\/\/ideasnet.org\/wp-content\/uploads\/2023\/07\/mujer_tienda2.png 420w, https:\/\/ideasnet.org\/wp-content\/uploads\/2023\/07\/mujer_tienda2-300x270.png 300w\" sizes=\"auto, (max-width: 420px) 100vw, 420px\" \/>\t\t\t\t\t\t\n\t\t\t\t\t<\/div>\n\t\t\t\t\t\t\t\t\n<style>\n#image_973803815 {\n  width: 100%;\n}\n<\/style>\n\t<\/div>\n\t\n\t\t<\/div>\n\t\t\t\t\t<\/div>\n\n\t\n<\/div>\n\t\t<\/div>\n\t\t\t\t\n<style>\n#col-1593340191 > .col-inner {\n  padding: 50px 0px 0px 0px;\n}\n<\/style>\n\t<\/div>\n\n\t\n<\/div>\n<div class=\"row\"  id=\"row-1400718230\">\n\n\t<div id=\"col-1451238433\" class=\"col medium-6 small-12 large-6\"  >\n\t\t\t\t<div class=\"col-inner\"  >\n\t\t\t\n\t\t\t\n\t<div class=\"img has-hover x md-x lg-x y md-y lg-y\" id=\"image_1882598075\">\n\t\t\t\t\t\t\t\t<div class=\"img-inner dark\" >\n\t\t\t<img loading=\"lazy\" decoding=\"async\" width=\"420\" height=\"378\" src=\"https:\/\/ideasnet.org\/wp-content\/uploads\/2023\/07\/zapatero2-1.png\" class=\"attachment-medium_large size-medium_large\" alt=\"\" srcset=\"https:\/\/ideasnet.org\/wp-content\/uploads\/2023\/07\/zapatero2-1.png 420w, https:\/\/ideasnet.org\/wp-content\/uploads\/2023\/07\/zapatero2-1-300x270.png 300w\" sizes=\"auto, (max-width: 420px) 100vw, 420px\" \/>\t\t\t\t\t\t\n\t\t\t\t\t<\/div>\n\t\t\t\t\t\t\t\t\n<style>\n#image_1882598075 {\n  width: 100%;\n}\n<\/style>\n\t<\/div>\n\t\n\t\t<\/div>\n\t\t\t\t\t<\/div>\n\n\t\n\n\t<div id=\"col-1567267414\" class=\"col medium-6 small-12 large-6\"  >\n\t\t\t\t<div class=\"col-inner\"  >\n\t\t\t\n\t\t\t\n<p><strong><span style=\"color: #ff9900;\"><span style=\"color: #ff6600;\">A organizaciones gubernamentales (secretar\u00edas de gobierno)<\/span><\/span><\/strong><\/p>\n<ol style=\"list-style-type: lower-roman;\">\n<li>Concientizar sobre la promoci\u00f3n del micronegocio a trav\u00e9s de la educaci\u00f3n financiera.<\/li>\n<li>Reconocer el potencial econ\u00f3mico y social de migrantes y retornados, para favorecer el impacto en la econom\u00eda y el desarrollo local en las comunidades de acogida.<\/li>\n<li>Proporcionar educaci\u00f3n e informaci\u00f3n a los organismos reguladores y a los proveedores de servicios financieros sobre c\u00f3mo ampliar los servicios a los microempresarios migrantes y retornados.<\/li>\n<\/ol>\n<p><span style=\"color: #ff6600;\"><strong>Asociaciones u organismos sin fines de lucro que apoyan a migrantes<\/strong><\/span><\/p>\n<ol style=\"list-style-type: lower-roman;\">\n<li>Desarrollar sinergias colaborativas con el fin de coadyuvar al fortalecimiento de acciones colectivas en el sector migrante que atienden. Compartir informaci\u00f3n de inter\u00e9s para orientar y apoyar a personas retornadas y migrantes.<\/li>\n<li><span style=\"color: #333333; font-size: 100%;\">Establecer alianzas formales, por medio de cartas de entendimientos y\/o convenios.<\/span><\/li>\n<\/ol>\n\t\t<\/div>\n\t\t\t\t\t<\/div>\n\n\t\n<\/div>\n<h4 style=\"text-align: left;\"><span style=\"color: #ff6600;\"><strong>Reg\u00edstrate gratuitamente v\u00eda WhatsApp, conoce informaci\u00f3n adicional <\/strong><\/span><\/h4>\n<h4 style=\"text-align: left;\"><span style=\"color: #ff6600;\"><strong>y <\/strong><strong>las pr\u00f3ximas fechas del curso. Dando click a continuaci\u00f3n.<\/strong><\/span><\/h4>\n<a href=\"https:\/\/ideasnet.org\/es\/curso-financiero\/\" target=\"_self\" class=\"button primary is-xxsmall\"  style=\"border-radius:12px;\">\n    <span>Curso Financiero<\/span>\n  <\/a>\n\n\t\t<\/div>\n\t\t\t\t\t<\/div>\n\n\t\n<\/div>\n<div class=\"row\"  id=\"row-1828899315\">\n\n\t<div id=\"col-315162877\" class=\"col small-12 large-12\"  >\n\t\t\t\t<div class=\"col-inner\"  >\n\t\t\t\n\t\t\t\n<h3 style=\"text-align: center;\"><strong>ALIADOS ESTRAT\u00c9GICOS (lista en formaci\u00f3n)<\/strong><\/h3>\n<div class=\"row\"  id=\"row-708945029\">\n\n\t<div id=\"col-2042268553\" class=\"col small-12 large-12\"  >\n\t\t\t\t<div class=\"col-inner\"  >\n\t\t\t\n\t\t\t\n\t<div id=\"text-588629574\" class=\"text\">\n\t\t\n<ul>\n<li style=\"text-align: left;\">Fuerza Migrante<\/li>\n<li style=\"text-align: left;\">Puente Ciudadano<\/li>\n<li style=\"text-align: left;\">Programa Casa Refugiados, A.C (PCR)<\/li>\n<li style=\"text-align: left;\">Sociedad de Ayuda al Migrante Hebreo (en ingl\u00e9s Hebrew Migrants Aid Society- (HIAS)<\/li>\n<\/ul>\n\t\t\n<style>\n#text-588629574 {\n  font-size: 1rem;\n  line-height: 0.95;\n}\n<\/style>\n\t<\/div>\n\t\n\t\t<\/div>\n\t\t\t\t\n<style>\n#col-2042268553 > .col-inner {\n  padding: 0px 0px 0px 150px;\n}\n<\/style>\n\t<\/div>\n\n\t\n<\/div>\n<h2 style=\"text-align: center;\"><\/h2>\n<p style=\"text-align: center;\"><a href=\"https:\/\/ideasnet.org\/wp-content\/uploads\/2023\/06\/logos-APuer.png\"><img loading=\"lazy\" decoding=\"async\" class=\"alignnone wp-image-3192\" src=\"https:\/\/ideasnet.org\/wp-content\/uploads\/2023\/06\/logos-APuer.png\" alt=\"\" width=\"148\" height=\"145\" srcset=\"https:\/\/ideasnet.org\/wp-content\/uploads\/2023\/06\/logos-APuer.png 969w, https:\/\/ideasnet.org\/wp-content\/uploads\/2023\/06\/logos-APuer-300x293.png 300w, https:\/\/ideasnet.org\/wp-content\/uploads\/2023\/06\/logos-APuer-768x751.png 768w\" sizes=\"auto, (max-width: 148px) 100vw, 148px\" \/><\/a> <a href=\"https:\/\/ideasnet.org\/wp-content\/uploads\/2023\/06\/logos-CRerf.png\"><img loading=\"lazy\" decoding=\"async\" class=\"alignnone wp-image-3193\" src=\"https:\/\/ideasnet.org\/wp-content\/uploads\/2023\/06\/logos-CRerf.png\" alt=\"\" width=\"145\" height=\"142\" srcset=\"https:\/\/ideasnet.org\/wp-content\/uploads\/2023\/06\/logos-CRerf.png 969w, https:\/\/ideasnet.org\/wp-content\/uploads\/2023\/06\/logos-CRerf-300x293.png 300w, https:\/\/ideasnet.org\/wp-content\/uploads\/2023\/06\/logos-CRerf-768x751.png 768w\" sizes=\"auto, (max-width: 145px) 100vw, 145px\" \/><\/a> <a href=\"https:\/\/ideasnet.org\/wp-content\/uploads\/2023\/06\/logos-integralab.png\"><img loading=\"lazy\" decoding=\"async\" class=\"alignnone wp-image-3194\" src=\"https:\/\/ideasnet.org\/wp-content\/uploads\/2023\/06\/logos-integralab.png\" alt=\"\" width=\"145\" height=\"142\" srcset=\"https:\/\/ideasnet.org\/wp-content\/uploads\/2023\/06\/logos-integralab.png 969w, https:\/\/ideasnet.org\/wp-content\/uploads\/2023\/06\/logos-integralab-300x293.png 300w, https:\/\/ideasnet.org\/wp-content\/uploads\/2023\/06\/logos-integralab-768x751.png 768w\" sizes=\"auto, (max-width: 145px) 100vw, 145px\" \/><\/a><a href=\"https:\/\/ideasnet.org\/wp-content\/uploads\/2023\/07\/logos-fuerzaMig.png\"><img loading=\"lazy\" decoding=\"async\" class=\"alignnone wp-image-3374\" src=\"https:\/\/ideasnet.org\/wp-content\/uploads\/2023\/07\/logos-fuerzaMig.png\" alt=\"\" width=\"144\" height=\"141\" srcset=\"https:\/\/ideasnet.org\/wp-content\/uploads\/2023\/07\/logos-fuerzaMig.png 969w, https:\/\/ideasnet.org\/wp-content\/uploads\/2023\/07\/logos-fuerzaMig-300x293.png 300w, https:\/\/ideasnet.org\/wp-content\/uploads\/2023\/07\/logos-fuerzaMig-768x751.png 768w\" sizes=\"auto, (max-width: 144px) 100vw, 144px\" \/><\/a><a href=\"https:\/\/ideasnet.org\/wp-content\/uploads\/2023\/08\/logos-ufm.png\"><img loading=\"lazy\" decoding=\"async\" class=\"alignnone wp-image-3496\" src=\"https:\/\/ideasnet.org\/wp-content\/uploads\/2023\/08\/logos-ufm.png\" alt=\"\" width=\"144\" height=\"141\" srcset=\"https:\/\/ideasnet.org\/wp-content\/uploads\/2023\/08\/logos-ufm.png 969w, https:\/\/ideasnet.org\/wp-content\/uploads\/2023\/08\/logos-ufm-300x293.png 300w, https:\/\/ideasnet.org\/wp-content\/uploads\/2023\/08\/logos-ufm-768x751.png 768w\" sizes=\"auto, (max-width: 144px) 100vw, 144px\" \/><\/a><\/p>\n\t<div id=\"text-673965317\" class=\"text\">\n\t\t\n<h2 style=\"text-align: center;\"><strong>CONTACTOS DEL PROGRAMA<\/strong><\/h2>\n\t\t\n<style>\n#text-673965317 {\n  font-size: 0.75rem;\n}\n<\/style>\n\t<\/div>\n\t\n\t\t<\/div>\n\t\t\t\t\t<\/div>\n\n\t\n<\/div>\n<div class=\"row\"  id=\"row-2032198517\">\n\n\t<div id=\"col-2012823809\" class=\"col medium-6 small-12 large-6\"  >\n\t\t\t\t<div class=\"col-inner\"  >\n\t\t\t\n\t\t\t\n\t<div id=\"text-729617230\" class=\"text\">\n\t\t\n<p style=\"text-align: center;\"><span style=\"color: #ff6600;\"><strong>Daniel Ch\u00e1vez Villegas<\/strong><\/span><\/p>\n<p style=\"text-align: center;\"><span style=\"font-size: 90%;\">Inclusi\u00f3n Econ\u00f3mica y Financiera IDEAS-M\u00e9xico en Puebla<\/span><\/p>\n<p style=\"text-align: center;\"><strong>danielchavez@ideasnet.org<\/strong><\/p>\n\t\t\n<style>\n#text-729617230 {\n  line-height: 0.75;\n}\n<\/style>\n\t<\/div>\n\t\n\t\t<\/div>\n\t\t\t\t\t<\/div>\n\n\t\n\n\t<div id=\"col-141032878\" class=\"col medium-6 small-12 large-6\"  >\n\t\t\t\t<div class=\"col-inner\"  >\n\t\t\t\n\t\t\t\n\t<div id=\"text-2305029689\" class=\"text\">\n\t\t\n<p style=\"text-align: center;\"><span style=\"color: #ff6600;\"><strong>Elvia Ruiz S\u00e1nchez <\/strong><\/span><\/p>\n<p style=\"text-align: center;\"><span style=\"font-size: 90%;\">Administraci\u00f3n Inclusi\u00f3n Financiera IDEAS-Mexico<\/span><\/p>\n<p style=\"text-align: center;\"><strong>elvia.ruizschz@ideasnet.org<\/strong><\/p>\n\t\t\n<style>\n#text-2305029689 {\n  line-height: 0.75;\n}\n<\/style>\n\t<\/div>\n\t\n\t\t<\/div>\n\t\t\t\t\t<\/div>\n\n\t\n<\/div>\n<div class=\"row\"  id=\"row-1562389228\">\n\n\t<div id=\"col-1214539440\" class=\"col small-12 large-12\"  >\n\t\t\t\t<div class=\"col-inner\"  >\n\t\t\t\n\t\t\t\n\t<div id=\"text-2391959449\" class=\"text\">\n\t\t\n<p style=\"text-align: center;\"><span style=\"color: #ff6600;\"><strong>Para m\u00e1s informaci\u00f3n:<\/strong><\/span><\/p>\n<p style=\"text-align: center;\">En Espa\u00f1ol: https:\/\/ideasnet.org\/es\/central-american-immigrants\/<\/p>\n<p style=\"text-align: center;\">En ingl\u00e9s: https:\/\/ideasnet.org\/<\/p>\n<p style=\"text-align: center;\"><span style=\"color: #ff6600;\"><strong>Para m\u00e1s informaci\u00f3n sobre IDEAS Internacional e IDEAS M\u00e9xico:<\/strong><\/span><\/p>\n<p style=\"text-align: center;\">Dr. Carter Garber, Director Ejecutivo \u00a0cgarber@ideasnet.org<\/p>\n<p style=\"text-align: center;\">Equipo: https:\/\/ideasnet.org\/about-us\/<\/p>\n<p style=\"text-align: center;\">Tel\u00e9fono de la oficina sede: 01-404-378-7544 \u00b7 WhatsApp: 01-404-542-8868<\/p>\n\t\t\n<style>\n#text-2391959449 {\n  line-height: 0.8;\n}\n<\/style>\n\t<\/div>\n\t\n\t\t<\/div>\n\t\t\t\t\t<\/div>\n\n\t\n<\/div>\n\t\t<\/div>\n\t\t\t\t\t<\/div>","protected":false},"excerpt":{"rendered":"","protected":false},"author":5,"featured_media":0,"parent":0,"menu_order":0,"comment_status":"closed","ping_status":"closed","template":"","meta":{"footnotes":""},"class_list":["post-3100","page","type-page","status-publish","hentry"],"yoast_head":"<!-- This site is optimized with the Yoast SEO plugin v27.3 - https:\/\/yoast.com\/product\/yoast-seo-wordpress\/ -->\n<title>Acciones por la Inclusi\u00f3n Financiera de migrantes Microempresarios - IDEASnet<\/title>\n<meta name=\"robots\" content=\"index, follow, max-snippet:-1, max-image-preview:large, max-video-preview:-1\" \/>\n<link rel=\"canonical\" href=\"https:\/\/ideasnet.org\/es\/actions-financial-inclusion-migrant-microentrepreneurs\/\" \/>\n<meta property=\"og:locale\" content=\"es_ES\" \/>\n<meta property=\"og:type\" content=\"article\" \/>\n<meta property=\"og:title\" content=\"Acciones por la Inclusi\u00f3n Financiera de migrantes Microempresarios - IDEASnet\" \/>\n<meta property=\"og:url\" content=\"https:\/\/ideasnet.org\/actions-financial-inclusion-migrant-microentrepreneurs\/\" \/>\n<meta property=\"og:site_name\" content=\"IDEASnet\" \/>\n<meta property=\"article:modified_time\" content=\"2024-02-24T16:40:49+00:00\" \/>\n<meta property=\"og:image\" content=\"https:\/\/ideasnet.org\/wp-content\/uploads\/2023\/06\/logos-APuer.png\" \/>\n<meta name=\"twitter:label1\" content=\"Tiempo de lectura\" \/>\n\t<meta name=\"twitter:data1\" content=\"4 minutos\" \/>\n<script type=\"application\/ld+json\" class=\"yoast-schema-graph\">{\"@context\":\"https:\\\/\\\/schema.org\",\"@graph\":[{\"@type\":\"WebPage\",\"@id\":\"https:\\\/\\\/ideasnet.org\\\/actions-financial-inclusion-migrant-microentrepreneurs\\\/\",\"url\":\"https:\\\/\\\/ideasnet.org\\\/actions-financial-inclusion-migrant-microentrepreneurs\\\/\",\"name\":\"Acciones por la Inclusi\u00f3n Financiera de migrantes Microempresarios - IDEASnet\",\"isPartOf\":{\"@id\":\"https:\\\/\\\/ideasnet.org\\\/#website\"},\"primaryImageOfPage\":{\"@id\":\"https:\\\/\\\/ideasnet.org\\\/actions-financial-inclusion-migrant-microentrepreneurs\\\/#primaryimage\"},\"image\":{\"@id\":\"https:\\\/\\\/ideasnet.org\\\/actions-financial-inclusion-migrant-microentrepreneurs\\\/#primaryimage\"},\"thumbnailUrl\":\"https:\\\/\\\/ideasnet.org\\\/wp-content\\\/uploads\\\/2023\\\/06\\\/logos-APuer.png\",\"datePublished\":\"2023-06-01T00:22:43+00:00\",\"dateModified\":\"2024-02-24T16:40:49+00:00\",\"breadcrumb\":{\"@id\":\"https:\\\/\\\/ideasnet.org\\\/actions-financial-inclusion-migrant-microentrepreneurs\\\/#breadcrumb\"},\"inLanguage\":\"es\",\"potentialAction\":[{\"@type\":\"ReadAction\",\"target\":[\"https:\\\/\\\/ideasnet.org\\\/actions-financial-inclusion-migrant-microentrepreneurs\\\/\"]}]},{\"@type\":\"ImageObject\",\"inLanguage\":\"es\",\"@id\":\"https:\\\/\\\/ideasnet.org\\\/actions-financial-inclusion-migrant-microentrepreneurs\\\/#primaryimage\",\"url\":\"https:\\\/\\\/ideasnet.org\\\/wp-content\\\/uploads\\\/2023\\\/06\\\/logos-APuer.png\",\"contentUrl\":\"https:\\\/\\\/ideasnet.org\\\/wp-content\\\/uploads\\\/2023\\\/06\\\/logos-APuer.png\"},{\"@type\":\"BreadcrumbList\",\"@id\":\"https:\\\/\\\/ideasnet.org\\\/actions-financial-inclusion-migrant-microentrepreneurs\\\/#breadcrumb\",\"itemListElement\":[{\"@type\":\"ListItem\",\"position\":1,\"name\":\"Home\",\"item\":\"https:\\\/\\\/ideasnet.org\\\/\"},{\"@type\":\"ListItem\",\"position\":2,\"name\":\"Actions for the Financial Inclusion of Migrant Micro-entrepreneurs\"}]},{\"@type\":\"WebSite\",\"@id\":\"https:\\\/\\\/ideasnet.org\\\/#website\",\"url\":\"https:\\\/\\\/ideasnet.org\\\/\",\"name\":\"IDEASnet\",\"description\":\"International Economic Development\",\"potentialAction\":[{\"@type\":\"SearchAction\",\"target\":{\"@type\":\"EntryPoint\",\"urlTemplate\":\"https:\\\/\\\/ideasnet.org\\\/?s={search_term_string}\"},\"query-input\":{\"@type\":\"PropertyValueSpecification\",\"valueRequired\":true,\"valueName\":\"search_term_string\"}}],\"inLanguage\":\"es\"}]}<\/script>\n<!-- \/ Yoast SEO plugin. -->","yoast_head_json":{"title":"Acciones por la Inclusi\u00f3n Financiera de migrantes Microempresarios - IDEASnet","robots":{"index":"index","follow":"follow","max-snippet":"max-snippet:-1","max-image-preview":"max-image-preview:large","max-video-preview":"max-video-preview:-1"},"canonical":"https:\/\/ideasnet.org\/es\/actions-financial-inclusion-migrant-microentrepreneurs\/","og_locale":"es_ES","og_type":"article","og_title":"Acciones por la Inclusi\u00f3n Financiera de migrantes Microempresarios - IDEASnet","og_url":"https:\/\/ideasnet.org\/actions-financial-inclusion-migrant-microentrepreneurs\/","og_site_name":"IDEASnet","article_modified_time":"2024-02-24T16:40:49+00:00","og_image":[{"url":"https:\/\/ideasnet.org\/wp-content\/uploads\/2023\/06\/logos-APuer.png","type":"","width":"","height":""}],"twitter_misc":{"Tiempo de lectura":"4 minutos"},"schema":{"@context":"https:\/\/schema.org","@graph":[{"@type":"WebPage","@id":"https:\/\/ideasnet.org\/actions-financial-inclusion-migrant-microentrepreneurs\/","url":"https:\/\/ideasnet.org\/actions-financial-inclusion-migrant-microentrepreneurs\/","name":"Acciones por la Inclusi\u00f3n Financiera de migrantes Microempresarios - IDEASnet","isPartOf":{"@id":"https:\/\/ideasnet.org\/#website"},"primaryImageOfPage":{"@id":"https:\/\/ideasnet.org\/actions-financial-inclusion-migrant-microentrepreneurs\/#primaryimage"},"image":{"@id":"https:\/\/ideasnet.org\/actions-financial-inclusion-migrant-microentrepreneurs\/#primaryimage"},"thumbnailUrl":"https:\/\/ideasnet.org\/wp-content\/uploads\/2023\/06\/logos-APuer.png","datePublished":"2023-06-01T00:22:43+00:00","dateModified":"2024-02-24T16:40:49+00:00","breadcrumb":{"@id":"https:\/\/ideasnet.org\/actions-financial-inclusion-migrant-microentrepreneurs\/#breadcrumb"},"inLanguage":"es","potentialAction":[{"@type":"ReadAction","target":["https:\/\/ideasnet.org\/actions-financial-inclusion-migrant-microentrepreneurs\/"]}]},{"@type":"ImageObject","inLanguage":"es","@id":"https:\/\/ideasnet.org\/actions-financial-inclusion-migrant-microentrepreneurs\/#primaryimage","url":"https:\/\/ideasnet.org\/wp-content\/uploads\/2023\/06\/logos-APuer.png","contentUrl":"https:\/\/ideasnet.org\/wp-content\/uploads\/2023\/06\/logos-APuer.png"},{"@type":"BreadcrumbList","@id":"https:\/\/ideasnet.org\/actions-financial-inclusion-migrant-microentrepreneurs\/#breadcrumb","itemListElement":[{"@type":"ListItem","position":1,"name":"Home","item":"https:\/\/ideasnet.org\/"},{"@type":"ListItem","position":2,"name":"Actions for the Financial Inclusion of Migrant Micro-entrepreneurs"}]},{"@type":"WebSite","@id":"https:\/\/ideasnet.org\/#website","url":"https:\/\/ideasnet.org\/","name":"IDEASnet","description":"International Economic Development","potentialAction":[{"@type":"SearchAction","target":{"@type":"EntryPoint","urlTemplate":"https:\/\/ideasnet.org\/?s={search_term_string}"},"query-input":{"@type":"PropertyValueSpecification","valueRequired":true,"valueName":"search_term_string"}}],"inLanguage":"es"}]}},"_links":{"self":[{"href":"https:\/\/ideasnet.org\/es\/wp-json\/wp\/v2\/pages\/3100","targetHints":{"allow":["GET"]}}],"collection":[{"href":"https:\/\/ideasnet.org\/es\/wp-json\/wp\/v2\/pages"}],"about":[{"href":"https:\/\/ideasnet.org\/es\/wp-json\/wp\/v2\/types\/page"}],"author":[{"embeddable":true,"href":"https:\/\/ideasnet.org\/es\/wp-json\/wp\/v2\/users\/5"}],"replies":[{"embeddable":true,"href":"https:\/\/ideasnet.org\/es\/wp-json\/wp\/v2\/comments?post=3100"}],"version-history":[{"count":73,"href":"https:\/\/ideasnet.org\/es\/wp-json\/wp\/v2\/pages\/3100\/revisions"}],"predecessor-version":[{"id":3702,"href":"https:\/\/ideasnet.org\/es\/wp-json\/wp\/v2\/pages\/3100\/revisions\/3702"}],"wp:attachment":[{"href":"https:\/\/ideasnet.org\/es\/wp-json\/wp\/v2\/media?parent=3100"}],"curies":[{"name":"wp","href":"https:\/\/api.w.org\/{rel}","templated":true}]}}