{"id":82,"date":"2012-05-14T03:57:14","date_gmt":"2012-05-14T03:57:14","guid":{"rendered":"https:\/\/asyouwishdesignsllc.com\/ideasnet.org\/dev\/?page_id=82"},"modified":"2021-07-08T19:32:38","modified_gmt":"2021-07-08T19:32:38","slug":"universities-where-ideas-has-taught","status":"publish","type":"page","link":"https:\/\/ideasnet.org\/es\/universities-where-ideas-has-taught\/","title":{"rendered":"Universidades donde IDEAS ha impartido Aprendizaje"},"content":{"rendered":"<strong>Los miembros del equipo de IDEAS han desarrollado e impartido aprendizaje en cursos de micro finanzas en las siguientes universidades alrededor del mundo:<\/strong><\/p>\n<ul>\n<li>Southern New Hampshire University en USA www.snhu.edu<\/li>\n<li>Tulane University en USA www.tulane.edu\/<\/li>\n<li>University of Limpompo en Sur Africa www.unorth.ac.za\/<\/li>\n<li>\u2013 Open University en Tanzania www.tanzania.go.tz\/out.htm<\/li>\n<li>Don Bosco University en El Salvador<\/li>\n<li>Universidad Americana en Nicaragua www.uam.edu.ni\/<\/li>\n<li>National University of Mongolia \u2013 www.num.edu.mn<\/li>\n<li>School of International Studies, American University, Washington, DC, USA<\/li>\n<li>Universidad Cat\u00f3lica, Tegucigalpa, Honduras www.unicah.edu<\/li>\n<\/ul>\n<p><a href=\"https:\/\/ideasnet.org\/dev\/wp-content\/uploads\/2012\/05\/Carter-teaching.jpg\"><img loading=\"lazy\" decoding=\"async\" class=\"alignleft size-medium wp-image-566\" style=\"margin-left: 10px; margin-right: 10px;\" title=\"OLYMPUS DIGITAL CAMERA\" src=\"https:\/\/ideasnet.org\/dev\/wp-content\/uploads\/2012\/05\/Carter-teaching-225x300.jpg\" alt=\"\" width=\"225\" height=\"300\" srcset=\"https:\/\/ideasnet.org\/wp-content\/uploads\/2012\/05\/Carter-teaching-225x300.jpg 225w, https:\/\/ideasnet.org\/wp-content\/uploads\/2012\/05\/Carter-teaching-768x1024.jpg 768w, https:\/\/ideasnet.org\/wp-content\/uploads\/2012\/05\/Carter-teaching-600x800.jpg 600w, https:\/\/ideasnet.org\/wp-content\/uploads\/2012\/05\/Carter-teaching.jpg 1200w\" sizes=\"auto, (max-width: 225px) 100vw, 225px\" \/><\/a>Investigador, Jefe Capacitador, y Miembro del Panel Asesor en Instrumentos de Evaluaci\u00f3n de la Pobreza para el Instituto para la Reforma Institucional y el Sector Informal de la University Research Corporation International de la University of Maryland, College Park, MD. Asociado con el Departamento Econ\u00f3mico. 2003-6. www.povertytools.org\/team.htm Profesor Asociado Adjunto en el Payson Center for International Development and Technology Transfer en la Facultad de Artes Liberales y Ciencias de Tulane University (New Orleans, LA y Arlington, VA), 2002-5. Profesores visitantes de la University of the North, Polokwane, Limpopo Province, Sur Africa. Dos profesores de IDEAS impartieron el Curso de Certificado de Microempresas y Desarrollo en Agosto-Sept. 2004. www.mdi-sa.org. Escuela para el Desarrollo Econ\u00f3mico de la Comunidad de Southern New Hampshire University. Equipar a Mujeres Profesionales en Micro finanzas\/Microempresas. Con financiamiento de la Bancker-Williams Foundation, IDEAS tuvo la capacidad para ofrecer oportunidades a mujeres j\u00f3venes en Nicaragua y El Salvador para recibir capacitaci\u00f3n avanzada y oportunidades para desarrollar habilidades profesionales. 2002-2005. Finanzas Rurales . Desarroll\u00f3 un curso a nivel de graduados para FAO en Roma. Microfinance Management Institute, University of Mongolia El personal de IDEAS ha servido en varios comit\u00e9s de doctores de los estudiantes que trabajan en desarrollo de empresas y micro finanzas. 2000 \u2013 2004<\/p>","protected":false},"excerpt":{"rendered":"<p>Los miembros del equipo de IDEAS han desarrollado e impartido aprendizaje en cursos de micro finanzas en las siguientes universidades alrededor del mundo: Southern New Hampshire University en USA www.snhu.edu Tulane University en USA www.tulane.edu\/ University of Limpompo en Sur Africa www.unorth.ac.za\/ \u2013 Open University en Tanzania www.tanzania.go.tz\/out.htm Don Bosco University en El Salvador Universidad [&#8230;]\n","protected":false},"author":2,"featured_media":0,"parent":0,"menu_order":0,"comment_status":"closed","ping_status":"closed","template":"","meta":{"footnotes":""},"class_list":["post-82","page","type-page","status-publish","hentry"],"yoast_head":"<!-- This site is optimized with the Yoast SEO plugin v27.4 - https:\/\/yoast.com\/product\/yoast-seo-wordpress\/ -->\n<title>Universidades donde IDEAS ha impartido Aprendizaje  - IDEASnet<\/title>\n<meta name=\"robots\" content=\"index, follow, max-snippet:-1, max-image-preview:large, max-video-preview:-1\" \/>\n<link rel=\"canonical\" href=\"https:\/\/ideasnet.org\/es\/universities-where-ideas-has-taught\/\" \/>\n<meta property=\"og:locale\" content=\"es_ES\" \/>\n<meta property=\"og:type\" content=\"article\" \/>\n<meta property=\"og:title\" content=\"Universidades donde IDEAS ha impartido Aprendizaje  - IDEASnet\" \/>\n<meta property=\"og:description\" content=\"Los miembros del equipo de IDEAS han desarrollado e impartido aprendizaje en cursos de micro finanzas en las siguientes universidades alrededor del mundo: Southern New Hampshire University en USA www.snhu.edu Tulane University en USA www.tulane.edu\/ University of Limpompo en Sur Africa www.unorth.ac.za\/ \u2013 Open University en Tanzania www.tanzania.go.tz\/out.htm Don Bosco University en El Salvador Universidad [...]\" \/>\n<meta property=\"og:url\" content=\"https:\/\/ideasnet.org\/universities-where-ideas-has-taught\/\" \/>\n<meta property=\"og:site_name\" content=\"IDEASnet\" \/>\n<meta property=\"article:modified_time\" content=\"2021-07-08T19:32:38+00:00\" \/>\n<meta property=\"og:image\" content=\"https:\/\/ideasnet.org\/dev\/wp-content\/uploads\/2012\/05\/Carter-teaching-225x300.jpg\" \/>\n<meta name=\"twitter:label1\" content=\"Tiempo de lectura\" \/>\n\t<meta name=\"twitter:data1\" content=\"2 minutos\" \/>\n<script type=\"application\/ld+json\" class=\"yoast-schema-graph\">{\"@context\":\"https:\\\/\\\/schema.org\",\"@graph\":[{\"@type\":\"WebPage\",\"@id\":\"https:\\\/\\\/ideasnet.org\\\/universities-where-ideas-has-taught\\\/\",\"url\":\"https:\\\/\\\/ideasnet.org\\\/universities-where-ideas-has-taught\\\/\",\"name\":\"Universidades donde IDEAS ha impartido Aprendizaje  - IDEASnet\",\"isPartOf\":{\"@id\":\"https:\\\/\\\/ideasnet.org\\\/#website\"},\"primaryImageOfPage\":{\"@id\":\"https:\\\/\\\/ideasnet.org\\\/universities-where-ideas-has-taught\\\/#primaryimage\"},\"image\":{\"@id\":\"https:\\\/\\\/ideasnet.org\\\/universities-where-ideas-has-taught\\\/#primaryimage\"},\"thumbnailUrl\":\"https:\\\/\\\/ideasnet.org\\\/dev\\\/wp-content\\\/uploads\\\/2012\\\/05\\\/Carter-teaching-225x300.jpg\",\"datePublished\":\"2012-05-14T03:57:14+00:00\",\"dateModified\":\"2021-07-08T19:32:38+00:00\",\"breadcrumb\":{\"@id\":\"https:\\\/\\\/ideasnet.org\\\/universities-where-ideas-has-taught\\\/#breadcrumb\"},\"inLanguage\":\"es\",\"potentialAction\":[{\"@type\":\"ReadAction\",\"target\":[\"https:\\\/\\\/ideasnet.org\\\/universities-where-ideas-has-taught\\\/\"]}]},{\"@type\":\"ImageObject\",\"inLanguage\":\"es\",\"@id\":\"https:\\\/\\\/ideasnet.org\\\/universities-where-ideas-has-taught\\\/#primaryimage\",\"url\":\"https:\\\/\\\/ideasnet.org\\\/dev\\\/wp-content\\\/uploads\\\/2012\\\/05\\\/Carter-teaching-225x300.jpg\",\"contentUrl\":\"https:\\\/\\\/ideasnet.org\\\/dev\\\/wp-content\\\/uploads\\\/2012\\\/05\\\/Carter-teaching-225x300.jpg\"},{\"@type\":\"BreadcrumbList\",\"@id\":\"https:\\\/\\\/ideasnet.org\\\/universities-where-ideas-has-taught\\\/#breadcrumb\",\"itemListElement\":[{\"@type\":\"ListItem\",\"position\":1,\"name\":\"Home\",\"item\":\"https:\\\/\\\/ideasnet.org\\\/\"},{\"@type\":\"ListItem\",\"position\":2,\"name\":\"Universities where IDEAS has taught\"}]},{\"@type\":\"WebSite\",\"@id\":\"https:\\\/\\\/ideasnet.org\\\/#website\",\"url\":\"https:\\\/\\\/ideasnet.org\\\/\",\"name\":\"IDEASnet\",\"description\":\"International Economic Development\",\"potentialAction\":[{\"@type\":\"SearchAction\",\"target\":{\"@type\":\"EntryPoint\",\"urlTemplate\":\"https:\\\/\\\/ideasnet.org\\\/?s={search_term_string}\"},\"query-input\":{\"@type\":\"PropertyValueSpecification\",\"valueRequired\":true,\"valueName\":\"search_term_string\"}}],\"inLanguage\":\"es\"}]}<\/script>\n<!-- \/ Yoast SEO plugin. -->","yoast_head_json":{"title":"Universidades donde IDEAS ha impartido Aprendizaje  - IDEASnet","robots":{"index":"index","follow":"follow","max-snippet":"max-snippet:-1","max-image-preview":"max-image-preview:large","max-video-preview":"max-video-preview:-1"},"canonical":"https:\/\/ideasnet.org\/es\/universities-where-ideas-has-taught\/","og_locale":"es_ES","og_type":"article","og_title":"Universidades donde IDEAS ha impartido Aprendizaje  - IDEASnet","og_description":"Los miembros del equipo de IDEAS han desarrollado e impartido aprendizaje en cursos de micro finanzas en las siguientes universidades alrededor del mundo: Southern New Hampshire University en USA www.snhu.edu Tulane University en USA www.tulane.edu\/ University of Limpompo en Sur Africa www.unorth.ac.za\/ \u2013 Open University en Tanzania www.tanzania.go.tz\/out.htm Don Bosco University en El Salvador Universidad [...]","og_url":"https:\/\/ideasnet.org\/universities-where-ideas-has-taught\/","og_site_name":"IDEASnet","article_modified_time":"2021-07-08T19:32:38+00:00","og_image":[{"url":"https:\/\/ideasnet.org\/dev\/wp-content\/uploads\/2012\/05\/Carter-teaching-225x300.jpg","type":"","width":"","height":""}],"twitter_misc":{"Tiempo de lectura":"2 minutos"},"schema":{"@context":"https:\/\/schema.org","@graph":[{"@type":"WebPage","@id":"https:\/\/ideasnet.org\/universities-where-ideas-has-taught\/","url":"https:\/\/ideasnet.org\/universities-where-ideas-has-taught\/","name":"Universidades donde IDEAS ha impartido Aprendizaje  - IDEASnet","isPartOf":{"@id":"https:\/\/ideasnet.org\/#website"},"primaryImageOfPage":{"@id":"https:\/\/ideasnet.org\/universities-where-ideas-has-taught\/#primaryimage"},"image":{"@id":"https:\/\/ideasnet.org\/universities-where-ideas-has-taught\/#primaryimage"},"thumbnailUrl":"https:\/\/ideasnet.org\/dev\/wp-content\/uploads\/2012\/05\/Carter-teaching-225x300.jpg","datePublished":"2012-05-14T03:57:14+00:00","dateModified":"2021-07-08T19:32:38+00:00","breadcrumb":{"@id":"https:\/\/ideasnet.org\/universities-where-ideas-has-taught\/#breadcrumb"},"inLanguage":"es","potentialAction":[{"@type":"ReadAction","target":["https:\/\/ideasnet.org\/universities-where-ideas-has-taught\/"]}]},{"@type":"ImageObject","inLanguage":"es","@id":"https:\/\/ideasnet.org\/universities-where-ideas-has-taught\/#primaryimage","url":"https:\/\/ideasnet.org\/dev\/wp-content\/uploads\/2012\/05\/Carter-teaching-225x300.jpg","contentUrl":"https:\/\/ideasnet.org\/dev\/wp-content\/uploads\/2012\/05\/Carter-teaching-225x300.jpg"},{"@type":"BreadcrumbList","@id":"https:\/\/ideasnet.org\/universities-where-ideas-has-taught\/#breadcrumb","itemListElement":[{"@type":"ListItem","position":1,"name":"Home","item":"https:\/\/ideasnet.org\/"},{"@type":"ListItem","position":2,"name":"Universities where IDEAS has taught"}]},{"@type":"WebSite","@id":"https:\/\/ideasnet.org\/#website","url":"https:\/\/ideasnet.org\/","name":"IDEASnet","description":"International Economic Development","potentialAction":[{"@type":"SearchAction","target":{"@type":"EntryPoint","urlTemplate":"https:\/\/ideasnet.org\/?s={search_term_string}"},"query-input":{"@type":"PropertyValueSpecification","valueRequired":true,"valueName":"search_term_string"}}],"inLanguage":"es"}]}},"_links":{"self":[{"href":"https:\/\/ideasnet.org\/es\/wp-json\/wp\/v2\/pages\/82","targetHints":{"allow":["GET"]}}],"collection":[{"href":"https:\/\/ideasnet.org\/es\/wp-json\/wp\/v2\/pages"}],"about":[{"href":"https:\/\/ideasnet.org\/es\/wp-json\/wp\/v2\/types\/page"}],"author":[{"embeddable":true,"href":"https:\/\/ideasnet.org\/es\/wp-json\/wp\/v2\/users\/2"}],"replies":[{"embeddable":true,"href":"https:\/\/ideasnet.org\/es\/wp-json\/wp\/v2\/comments?post=82"}],"version-history":[{"count":21,"href":"https:\/\/ideasnet.org\/es\/wp-json\/wp\/v2\/pages\/82\/revisions"}],"predecessor-version":[{"id":2313,"href":"https:\/\/ideasnet.org\/es\/wp-json\/wp\/v2\/pages\/82\/revisions\/2313"}],"wp:attachment":[{"href":"https:\/\/ideasnet.org\/es\/wp-json\/wp\/v2\/media?parent=82"}],"curies":[{"name":"wp","href":"https:\/\/api.w.org\/{rel}","templated":true}]}}